{"id":3,"date":"2022-09-19T09:39:55","date_gmt":"2022-09-19T09:39:55","guid":{"rendered":"https:\/\/andre47.sg-host.com\/?page_id=3"},"modified":"2023-02-20T14:28:22","modified_gmt":"2023-02-20T13:28:22","slug":"personvernserklaering","status":"publish","type":"page","link":"https:\/\/fasthotels.bylofoten.no\/no\/personvernserklaering\/","title":{"rendered":"Personvernserkl\u00e6ring"},"content":{"rendered":"\t\t<div data-elementor-type=\"wp-page\" data-elementor-id=\"3\" class=\"elementor elementor-3\" data-elementor-post-type=\"page\">\n\t\t\t\t\t\t<section data-particle_enable=\"false\" data-particle-mobile-disabled=\"false\" class=\"elementor-section elementor-top-section elementor-element elementor-element-716eac94 elementor-section-boxed elementor-section-height-default elementor-section-height-default\" data-id=\"716eac94\" data-element_type=\"section\" data-e-type=\"section\" data-settings=\"{&quot;_ob_glider_is_slider&quot;:&quot;no&quot;}\">\n\t\t\t\t\t\t<div class=\"elementor-container elementor-column-gap-default\">\n\t\t\t\t\t<div class=\"elementor-column elementor-col-100 elementor-top-column elementor-element elementor-element-4b2045dc\" data-id=\"4b2045dc\" data-element_type=\"column\" data-e-type=\"column\" data-settings=\"{&quot;_ob_column_hoveranimator&quot;:&quot;no&quot;,&quot;_ob_column_has_pseudo&quot;:&quot;no&quot;}\">\n\t\t\t<div class=\"elementor-widget-wrap elementor-element-populated\">\n\t\t\t\t\t\t<div class=\"elementor-element elementor-element-720368d ob-harakiri-inherit ob-has-background-overlay elementor-widget elementor-widget-heading\" data-id=\"720368d\" data-element_type=\"widget\" data-e-type=\"widget\" data-settings=\"{&quot;_ob_use_harakiri&quot;:&quot;yes&quot;,&quot;_ob_harakiri_writing_mode&quot;:&quot;inherit&quot;,&quot;_ob_harakiri_text_clip&quot;:&quot;none&quot;,&quot;_ob_widget_stalker_use&quot;:&quot;no&quot;,&quot;_ob_poopart_use&quot;:&quot;yes&quot;,&quot;_ob_shadough_use&quot;:&quot;no&quot;,&quot;_ob_allow_hoveranimator&quot;:&quot;no&quot;}\" data-widget_type=\"heading.default\">\n\t\t\t\t<div class=\"elementor-widget-container\">\n\t\t\t\t\t<h1 class=\"elementor-heading-title elementor-size-default\">Personvernerkl\u00e6ring<\/h1>\t\t\t\t<\/div>\n\t\t\t\t<\/div>\n\t\t\t\t<div class=\"elementor-element elementor-element-da4a204 ob-harakiri-inherit ob-has-background-overlay elementor-widget elementor-widget-text-editor\" data-id=\"da4a204\" data-element_type=\"widget\" data-e-type=\"widget\" data-settings=\"{&quot;_ob_use_harakiri&quot;:&quot;yes&quot;,&quot;_ob_harakiri_writing_mode&quot;:&quot;inherit&quot;,&quot;_ob_postman_use&quot;:&quot;no&quot;,&quot;_ob_widget_stalker_use&quot;:&quot;no&quot;,&quot;_ob_poopart_use&quot;:&quot;yes&quot;,&quot;_ob_shadough_use&quot;:&quot;no&quot;,&quot;_ob_allow_hoveranimator&quot;:&quot;no&quot;}\" data-widget_type=\"text-editor.default\">\n\t\t\t\t<div class=\"elementor-widget-container\">\n\t\t\t\t\t\t\t\t\t<p>For \u00e5 holde hotellet i gang er vi n\u00f8dt til \u00e5 samle inn litt personverndata. Her kan du lese om hvilken personverndata vi samler inn, hva den brukes til og hvordan vi samler den inn.<\/p>\t\t\t\t\t\t\t\t<\/div>\n\t\t\t\t<\/div>\n\t\t\t\t<div class=\"elementor-element elementor-element-252431d link ob-harakiri-inherit ob-has-background-overlay elementor-widget elementor-widget-text-editor\" data-id=\"252431d\" data-element_type=\"widget\" data-e-type=\"widget\" data-settings=\"{&quot;_ob_use_harakiri&quot;:&quot;yes&quot;,&quot;_ob_harakiri_writing_mode&quot;:&quot;inherit&quot;,&quot;_ob_postman_use&quot;:&quot;no&quot;,&quot;_ob_widget_stalker_use&quot;:&quot;no&quot;,&quot;_ob_poopart_use&quot;:&quot;yes&quot;,&quot;_ob_shadough_use&quot;:&quot;no&quot;,&quot;_ob_allow_hoveranimator&quot;:&quot;no&quot;}\" data-widget_type=\"text-editor.default\">\n\t\t\t\t<div class=\"elementor-widget-container\">\n\t\t\t\t\t\t\t\t\t<h3>Hvilke personlige data samler vi inn?<\/h3>\n<p>Vi samler inn s\u00e5 lite personlig data som mulig, og vi samler derfor bare inn f\u00f8lgende data:<\/p>\n<ul>\n<li>Navn<\/li>\n<li>Epost<\/li>\n<li>Adresse<\/li>\n<li>Nasjonalitet<\/li>\n<li>Telefon<\/li>\n<li>IP<\/li>\n<\/ul>\n<h3>Lovlig grunn for behandling av personlig data<\/h3>\n<p>Vi anseer at vi har lov til \u00e5 behandle personlig data i henhold til GDPR Artikkel 6.1(b) og Artikkel 6.1(f).<\/p>\n<p><strong>6.1(b) N\u00f8dvendighet til \u00e5 behandle data for \u00e5 utf\u00f8re en kontrakt <\/strong><br>N\u00e5r du som gjest gj\u00f8r en reservasjon hos oss m\u00e5 det ansees at det inng\u00e5s en kontrakt mellom deg og oss. Vi anseer at kontrakten opph\u00f8rer automatisk n\u00e5r du som gjest har sjekket ut av v\u00e5re eiendom.<\/p>\n<p>Vi m\u00e5 derfor ha mulighet til \u00e5 bruke personopplysningene til f\u00f8lgende:<\/p>\n<ul>\n<li>Kommunikasjon med deg<\/li>\n<li>Historikk for hvilket hotell du har bodd p\u00e5 og rom<\/li>\n<li>Til rengj\u00f8ring av rommet ditt<\/li>\n<li>\u00c5 kunne im\u00f8tekomme brannforskrifter og for din egen sikkerhet.<\/li>\n<li>Feils\u00f8k<br><br><\/li>\n<\/ul>\n<p><strong>6.1 (f) Legitime Interesser<\/strong><\/p>\n<p>Vi og du har en del interesser som m\u00e5 ivaretas, det ansees at vi m\u00e5 behandle data for \u00e5 kunne utf\u00f8re f\u00f8lgende oppgaver:<\/p>\n<ul>\n<li>Holde historikken for \u00e5 kunne oppklare kriminelle handlinger<\/li>\n<li>For \u00e5 im\u00f8tekomme regnskapsloven<\/li>\n<li>For \u00e5 kunne tilby deg som gjest best mulig brukeropplevelse og service.<\/li>\n<\/ul>\n<p>Vi kommer ikke til \u00e5 bruke dine personopplysninger til annet enn form\u00e5let ved oppholdet ditt. Personlig data som ansees som h\u00f8y risiko vil bli kryptert s\u00e5 snart dette lar seg gj\u00f8re og ikke er motstriden med annen lov.<\/p>\n<h3>Hvem deler vi dine personopplysninger med?<\/h3>\n<p>Vi deler aldri ut personopplysningene til andre enn det som er n\u00f8dvendig for \u00e5 oppn\u00e5 form\u00e5let med oppholdet ditt. Vi deler forskjellige deler av dine personopplysninger med f\u00f8lende leverand\u00f8rer:<\/p>\n<ul>\n<li>SMS Leverand\u00f8r for melding kommunikasjon<\/li>\n<li>Epost Servere\/ nettside hosting leverand\u00f8rer<\/li>\n<li>Regnskapssystemer<\/li>\n<li>GetShop AS<\/li>\n<li>Aurora Borealis Multimedia AS<\/li>\n<\/ul>\n<h3>Hvordan samler vi inn personopplysningene?<\/h3>\n<p>Vi samler inn personopplysninger gjennom telefonsamtaler, epost, nettsiden v\u00e5r, OTA (Online Travel Agency) eller GDS (Global Distribution System).<\/p>\n<h3>Rett til innsyn og bli slettet.<\/h3>\n<p>Vi har ingen problem med \u00e5 gi deg tilgang til dine personopplysninger, ta kontakt med oss s\u00e5 kan vi levere dette innen 30 dager. Gi oss ogs\u00e5 beskjed dersom du \u00f8nsker \u00e5 bli slettet fra v\u00e5r database, s\u00e5 skal vi slette alt som vi kan slette s\u00e5 lenge ikke annen lov forhindrer oss i \u00e5 gj\u00f8re dette.<\/p>\n<p><strong>Kontaktinformasjon:<\/strong><\/p>\n<p><strong>Fast Hotels AS<\/strong><br>O. J. Kaarb\u00f8es gate 2<br>N &#8211; 8300 Svolv\u00e6r<br><strong style=\"font-family: var( --e-global-typography-primary-font-family ), Sans-serif; font-size: var( --e-global-typography-primary-font-size ); letter-spacing: var( --e-global-typography-3f593aa-letter-spacing ); word-spacing: var( --e-global-typography-3f593aa-word-spacing );\"><span style=\"color: #3366ff;\"><a style=\"color: #3366ff;\" href=\"mailto:stay@fasthotels.com\">stay@fasthotels.com<\/a><\/span><\/strong><\/p>\t\t\t\t\t\t\t\t<\/div>\n\t\t\t\t<\/div>\n\t\t\t\t\t<\/div>\n\t\t<\/div>\n\t\t\t\t\t<\/div>\n\t\t<\/section>\n\t\t\t\t<\/div>\n\t\t","protected":false},"excerpt":{"rendered":"<p>Personvernerkl\u00e6ring For \u00e5 holde hotellet i gang er vi n\u00f8dt til \u00e5 samle inn litt personverndata. Her kan du lese om hvilken personverndata vi samler inn, hva den brukes til og hvordan vi samler den inn. Hvilke personlige data samler vi inn? Vi samler inn s\u00e5 lite personlig data som mulig, og vi samler derfor [&hellip;]<\/p>\n","protected":false},"author":6,"featured_media":0,"parent":0,"menu_order":0,"comment_status":"closed","ping_status":"closed","template":"","meta":{"footnotes":""},"class_list":["post-3","page","type-page","status-publish","hentry"],"_links":{"self":[{"href":"https:\/\/fasthotels.bylofoten.no\/no\/wp-json\/wp\/v2\/pages\/3","targetHints":{"allow":["GET"]}}],"collection":[{"href":"https:\/\/fasthotels.bylofoten.no\/no\/wp-json\/wp\/v2\/pages"}],"about":[{"href":"https:\/\/fasthotels.bylofoten.no\/no\/wp-json\/wp\/v2\/types\/page"}],"author":[{"embeddable":true,"href":"https:\/\/fasthotels.bylofoten.no\/no\/wp-json\/wp\/v2\/users\/6"}],"replies":[{"embeddable":true,"href":"https:\/\/fasthotels.bylofoten.no\/no\/wp-json\/wp\/v2\/comments?post=3"}],"version-history":[{"count":16,"href":"https:\/\/fasthotels.bylofoten.no\/no\/wp-json\/wp\/v2\/pages\/3\/revisions"}],"predecessor-version":[{"id":1569,"href":"https:\/\/fasthotels.bylofoten.no\/no\/wp-json\/wp\/v2\/pages\/3\/revisions\/1569"}],"wp:attachment":[{"href":"https:\/\/fasthotels.bylofoten.no\/no\/wp-json\/wp\/v2\/media?parent=3"}],"curies":[{"name":"wp","href":"https:\/\/api.w.org\/{rel}","templated":true}]}}